{"id":5579,"date":"2020-11-26T10:22:32","date_gmt":"2020-11-26T09:22:32","guid":{"rendered":"https:\/\/infini-solutions-senegal.com\/arfifa\/?page_id=5579"},"modified":"2024-09-12T16:40:08","modified_gmt":"2024-09-12T14:40:08","slug":"presentation-de-lentreprise","status":"publish","type":"page","link":"https:\/\/are-fifa.com\/en\/presentation-de-lentreprise\/","title":{"rendered":"Pr\u00e9sentation de l&rsquo;entreprise"},"content":{"rendered":"<div data-elementor-type=\"wp-page\" data-elementor-id=\"5579\" class=\"elementor elementor-5579\" data-elementor-settings=\"{&quot;element_pack_global_tooltip_width&quot;:{&quot;unit&quot;:&quot;px&quot;,&quot;size&quot;:&quot;&quot;,&quot;sizes&quot;:[]},&quot;element_pack_global_tooltip_width_tablet&quot;:{&quot;unit&quot;:&quot;px&quot;,&quot;size&quot;:&quot;&quot;,&quot;sizes&quot;:[]},&quot;element_pack_global_tooltip_width_mobile&quot;:{&quot;unit&quot;:&quot;px&quot;,&quot;size&quot;:&quot;&quot;,&quot;sizes&quot;:[]},&quot;element_pack_global_tooltip_padding&quot;:{&quot;unit&quot;:&quot;px&quot;,&quot;top&quot;:&quot;&quot;,&quot;right&quot;:&quot;&quot;,&quot;bottom&quot;:&quot;&quot;,&quot;left&quot;:&quot;&quot;,&quot;isLinked&quot;:true},&quot;element_pack_global_tooltip_padding_tablet&quot;:{&quot;unit&quot;:&quot;px&quot;,&quot;top&quot;:&quot;&quot;,&quot;right&quot;:&quot;&quot;,&quot;bottom&quot;:&quot;&quot;,&quot;left&quot;:&quot;&quot;,&quot;isLinked&quot;:true},&quot;element_pack_global_tooltip_padding_mobile&quot;:{&quot;unit&quot;:&quot;px&quot;,&quot;top&quot;:&quot;&quot;,&quot;right&quot;:&quot;&quot;,&quot;bottom&quot;:&quot;&quot;,&quot;left&quot;:&quot;&quot;,&quot;isLinked&quot;:true},&quot;element_pack_global_tooltip_border_radius&quot;:{&quot;unit&quot;:&quot;px&quot;,&quot;top&quot;:&quot;&quot;,&quot;right&quot;:&quot;&quot;,&quot;bottom&quot;:&quot;&quot;,&quot;left&quot;:&quot;&quot;,&quot;isLinked&quot;:true},&quot;element_pack_global_tooltip_border_radius_tablet&quot;:{&quot;unit&quot;:&quot;px&quot;,&quot;top&quot;:&quot;&quot;,&quot;right&quot;:&quot;&quot;,&quot;bottom&quot;:&quot;&quot;,&quot;left&quot;:&quot;&quot;,&quot;isLinked&quot;:true},&quot;element_pack_global_tooltip_border_radius_mobile&quot;:{&quot;unit&quot;:&quot;px&quot;,&quot;top&quot;:&quot;&quot;,&quot;right&quot;:&quot;&quot;,&quot;bottom&quot;:&quot;&quot;,&quot;left&quot;:&quot;&quot;,&quot;isLinked&quot;:true}}\" data-elementor-post-type=\"page\">\n\t\t\t\t\t\t<section class=\"elementor-section elementor-top-section elementor-element elementor-element-35e080e elementor-section-content-top elementor-section-boxed elementor-section-height-default elementor-section-height-default\" data-id=\"35e080e\" data-element_type=\"section\" data-settings=\"{&quot;background_background&quot;:&quot;classic&quot;}\">\n\t\t\t\t\t\t<div class=\"elementor-container elementor-column-gap-default\">\n\t\t\t\t\t<div class=\"elementor-column elementor-col-50 elementor-top-column elementor-element elementor-element-c7cfacf\" data-id=\"c7cfacf\" data-element_type=\"column\">\n\t\t\t<div class=\"elementor-widget-wrap elementor-element-populated\">\n\t\t\t\t\t\t<div class=\"elementor-element elementor-element-fac426f elementor-widget elementor-widget-bdt-advanced-heading\" data-id=\"fac426f\" data-element_type=\"widget\" data-widget_type=\"bdt-advanced-heading.default\">\n\t\t\t\t<div class=\"elementor-widget-container\">\n\t\t\t\t\t<div id =\"fac426f\" class=\"bdt-ep-advanced-heading\" data-settings=\"{&quot;titleMultiColor&quot;:&quot;no&quot;}\"><h3 class=\"bdt-ep-advanced-heading-title\"><span class=\"bdt-ep-advanced-heading-main-title\"><span class=\"bdt-ep-advanced-heading-main-title-inner\">Qui sommes-nous?<\/span><\/span><\/h3><\/div>\t\t\t\t<\/div>\n\t\t\t\t<\/div>\n\t\t\t\t<div class=\"elementor-element elementor-element-be9e5fc elementor-widget elementor-widget-text-editor\" data-id=\"be9e5fc\" data-element_type=\"widget\" data-widget_type=\"text-editor.default\">\n\t\t\t\t<div class=\"elementor-widget-container\">\n\t\t\t\t\t\t\t\t\t<p style=\"text-align: justify;\">La soci\u00e9t\u00e9 AFRICA REAL ESTATE\u00a0SA est une convergence d\u2019expertises et de comp\u00e9tences de ses membres fondateurs dans le domaine de la construction immobili\u00e8re et de la gestion de patrimoine foncier.<\/p>\t\t\t\t\t\t\t\t<\/div>\n\t\t\t\t<\/div>\n\t\t\t\t<div class=\"elementor-element elementor-element-42eb354 elementor-widget elementor-widget-text-editor\" data-id=\"42eb354\" data-element_type=\"widget\" data-widget_type=\"text-editor.default\">\n\t\t\t\t<div class=\"elementor-widget-container\">\n\t\t\t\t\t\t\t\t\t<div>Sp\u00e9cialis\u00e9e dans la promotion immobili\u00e8re au S\u00e9n\u00e9gal et dans la sous-r\u00e9gion ouest Africaine. Nous avons l\u2019ambition de r\u00e9pondre aux besoins de logements dans les pays africains, participer au d\u00e9veloppement des villes africaines. Avec nos partenaires \u00e9trangers, nous d\u00e9veloppons des syst\u00e8mes de construction permettant d\u2019optimiser la qualit\u00e9 des constructions et de r\u00e9duire les co\u00fbts, cela nous permettra d\u2019offrir les logements \u00e0 des prix accessibles \u00e0 toute classe des populations cibl\u00e9es.<\/div><div>\u00a0<\/div><div>En cr\u00e9ant AFRICA REAL ESTATE en 2018, nous avons voulu b\u00e2tir une soci\u00e9t\u00e9 de promotion immobili\u00e8re \u00e0 taille humaine dans laquelle savoir-faire, expertise et qualit\u00e9 font partie int\u00e9grante de notre ADN.<\/div><div>De l\u2019\u00e9tude d\u2019une opportunit\u00e9 fonci\u00e8re au service apr\u00e8s-vente, nous g\u00e9rons l\u2019ensemble des comp\u00e9tences n\u00e9cessaires pour mener \u00e0 bien votre projet immobilier. Notre connaissance du terrain et nos capacit\u00e9s techniques sont les gages de notre professionnalisme. Nous portons une attention particuli\u00e8re aux finitions pour la satisfaction de nos acqu\u00e9reurs.<\/div><ul><li><p><strong>Construisons ensemble<\/strong><\/p><\/li><\/ul><div>Chaque projet commence par une poign\u00e9e de main, par un \u00e9change o\u00f9 s\u2019invite l\u2019\u00e9coute, la concertation et surtout la confiance. Il est guid\u00e9 par l\u2019envie d\u2019\u00eatre utile et de r\u00e9pondre aux attentes de celles et ceux qui vivront dans les r\u00e9sidences que nous concevons.<\/div><div>\u00a0<\/div><div>Notre connaissance fine du march\u00e9 et notre envie d\u2019en comprendre ses particularit\u00e9s,\u00a0pour s\u2019y inscrire harmonieusement et mener les chantiers dans le respect des riverains. Il y a la force de nos \u00e9nergies, l\u2019agilit\u00e9 de nos synergies, la confiance de nos relations partenaires.<\/div><ul><li><p><strong>Respecter l&rsquo;humain<\/strong><\/p><\/li><\/ul><p>Le fil conducteur de nos projets c\u2019est l\u2019humain. Nos r\u00e9ussites, nous les devons \u00e0 celles et ceux qui rendent possible ces projets. C\u2019est le r\u00e9sultat de l\u2019implication et du professionnalisme de toutes nos \u00e9quipes anim\u00e9es de valeurs humaines et engag\u00e9es dans une m\u00eame \u00e9nergie autour de l\u2019\u00e9thique et de valeurs d\u2019ARE.<\/p><div>\u00a0<\/div>\t\t\t\t\t\t\t\t<\/div>\n\t\t\t\t<\/div>\n\t\t\t\t\t<\/div>\n\t\t<\/div>\n\t\t\t\t<div class=\"elementor-column elementor-col-50 elementor-top-column elementor-element elementor-element-5851818\" data-id=\"5851818\" data-element_type=\"column\">\n\t\t\t<div class=\"elementor-widget-wrap elementor-element-populated\">\n\t\t\t\t\t\t<div class=\"elementor-element elementor-element-9b1a2f6 elementor-widget elementor-widget-spacer\" data-id=\"9b1a2f6\" data-element_type=\"widget\" data-widget_type=\"spacer.default\">\n\t\t\t\t<div class=\"elementor-widget-container\">\n\t\t\t\t\t\t\t<div class=\"elementor-spacer\">\n\t\t\t<div class=\"elementor-spacer-inner\"><\/div>\n\t\t<\/div>\n\t\t\t\t\t\t<\/div>\n\t\t\t\t<\/div>\n\t\t\t\t<div class=\"elementor-element elementor-element-843d723 maxWidthImg elementor-widget__width-initial elementor-widget elementor-widget-image\" data-id=\"843d723\" data-element_type=\"widget\" data-widget_type=\"image.default\">\n\t\t\t\t<div class=\"elementor-widget-container\">\n\t\t\t\t\t\t\t\t\t\t\t\t\t\t\t<img fetchpriority=\"high\" decoding=\"async\" width=\"472\" height=\"988\" src=\"https:\/\/are-fifa.com\/wp-content\/uploads\/2024\/09\/zddsq.png\" class=\"attachment-full size-full wp-image-14782\" alt=\"\" srcset=\"https:\/\/are-fifa.com\/wp-content\/uploads\/2024\/09\/zddsq.png 472w, https:\/\/are-fifa.com\/wp-content\/uploads\/2024\/09\/zddsq-143x300.png 143w, https:\/\/are-fifa.com\/wp-content\/uploads\/2024\/09\/zddsq-6x12.png 6w\" sizes=\"(max-width: 472px) 100vw, 472px\" \/>\t\t\t\t\t\t\t\t\t\t\t\t\t\t\t<\/div>\n\t\t\t\t<\/div>\n\t\t\t\t\t<\/div>\n\t\t<\/div>\n\t\t\t\t\t<\/div>\n\t\t<\/section>\n\t\t\t\t<section class=\"elementor-section elementor-top-section elementor-element elementor-element-209d0cb elementor-section-boxed elementor-section-height-default elementor-section-height-default\" data-id=\"209d0cb\" data-element_type=\"section\">\n\t\t\t\t\t\t<div class=\"elementor-container elementor-column-gap-default\">\n\t\t\t\t\t<div class=\"elementor-column elementor-col-50 elementor-top-column elementor-element elementor-element-2fd5932\" data-id=\"2fd5932\" data-element_type=\"column\">\n\t\t\t<div class=\"elementor-widget-wrap elementor-element-populated\">\n\t\t\t\t\t\t<div class=\"elementor-element elementor-element-f725bd7 elementor-widget elementor-widget-image\" data-id=\"f725bd7\" data-element_type=\"widget\" data-widget_type=\"image.default\">\n\t\t\t\t<div class=\"elementor-widget-container\">\n\t\t\t\t\t\t\t\t\t\t\t\t\t\t\t<img decoding=\"async\" width=\"1024\" height=\"381\" src=\"https:\/\/are-fifa.com\/wp-content\/uploads\/2024\/01\/LOGO-FIFA-Real-Estate-2023_Plan-de-travail-1-1-1024x381.png\" class=\"attachment-large size-large wp-image-14497\" alt=\"\" srcset=\"https:\/\/are-fifa.com\/wp-content\/uploads\/2024\/01\/LOGO-FIFA-Real-Estate-2023_Plan-de-travail-1-1-1024x381.png 1024w, https:\/\/are-fifa.com\/wp-content\/uploads\/2024\/01\/LOGO-FIFA-Real-Estate-2023_Plan-de-travail-1-1-300x111.png 300w, https:\/\/are-fifa.com\/wp-content\/uploads\/2024\/01\/LOGO-FIFA-Real-Estate-2023_Plan-de-travail-1-1-768x285.png 768w, https:\/\/are-fifa.com\/wp-content\/uploads\/2024\/01\/LOGO-FIFA-Real-Estate-2023_Plan-de-travail-1-1-18x7.png 18w, https:\/\/are-fifa.com\/wp-content\/uploads\/2024\/01\/LOGO-FIFA-Real-Estate-2023_Plan-de-travail-1-1-600x223.png 600w, https:\/\/are-fifa.com\/wp-content\/uploads\/2024\/01\/LOGO-FIFA-Real-Estate-2023_Plan-de-travail-1-1.png 1418w\" sizes=\"(max-width: 1024px) 100vw, 1024px\" \/>\t\t\t\t\t\t\t\t\t\t\t\t\t\t\t<\/div>\n\t\t\t\t<\/div>\n\t\t\t\t\t<\/div>\n\t\t<\/div>\n\t\t\t\t<div class=\"elementor-column elementor-col-50 elementor-top-column elementor-element elementor-element-e70552e\" data-id=\"e70552e\" data-element_type=\"column\">\n\t\t\t<div class=\"elementor-widget-wrap elementor-element-populated\">\n\t\t\t\t\t\t<div class=\"elementor-element elementor-element-2b6d6bc elementor-widget elementor-widget-bdt-advanced-heading\" data-id=\"2b6d6bc\" data-element_type=\"widget\" data-widget_type=\"bdt-advanced-heading.default\">\n\t\t\t\t<div class=\"elementor-widget-container\">\n\t\t\t\t\t<div id =\"2b6d6bc\" class=\"bdt-ep-advanced-heading\" data-settings=\"{&quot;titleMultiColor&quot;:&quot;no&quot;}\"><h3 class=\"bdt-ep-advanced-heading-title\"><span class=\"bdt-ep-advanced-heading-main-title\"><span class=\"bdt-ep-advanced-heading-main-title-inner\">La marque<\/span><\/span><\/h3><\/div>\t\t\t\t<\/div>\n\t\t\t\t<\/div>\n\t\t\t\t<div class=\"elementor-element elementor-element-c721bbf elementor-widget elementor-widget-text-editor\" data-id=\"c721bbf\" data-element_type=\"widget\" data-widget_type=\"text-editor.default\">\n\t\t\t\t<div class=\"elementor-widget-container\">\n\t\t\t\t\t\t\t\t\t<p style=\"text-align: justify;\">FIFA is the commercial brand of housing marketed by the Africa Real Estate SA group. In an African dialect, FIFA means \"Peace, calm\". The ARE group is therefore positioned as the developer who ensures the realization of your real estate projects in serenity, in peace.<\/p>\t\t\t\t\t\t\t\t<\/div>\n\t\t\t\t<\/div>\n\t\t\t\t\t<\/div>\n\t\t<\/div>\n\t\t\t\t\t<\/div>\n\t\t<\/section>\n\t\t\t\t<section class=\"elementor-section elementor-top-section elementor-element elementor-element-0ad4441 elementor-section-boxed elementor-section-height-default elementor-section-height-default\" data-id=\"0ad4441\" data-element_type=\"section\" data-settings=\"{&quot;background_background&quot;:&quot;classic&quot;}\">\n\t\t\t\t\t\t<div class=\"elementor-container elementor-column-gap-default\">\n\t\t\t\t\t<div class=\"elementor-column elementor-col-50 elementor-top-column elementor-element elementor-element-a24bd49\" data-id=\"a24bd49\" data-element_type=\"column\">\n\t\t\t<div class=\"elementor-widget-wrap elementor-element-populated\">\n\t\t\t\t\t\t<div class=\"elementor-element elementor-element-a11bc1a elementor-widget elementor-widget-image\" data-id=\"a11bc1a\" data-element_type=\"widget\" data-widget_type=\"image.default\">\n\t\t\t\t<div class=\"elementor-widget-container\">\n\t\t\t\t\t\t\t\t\t\t\t\t\t\t\t<img decoding=\"async\" width=\"600\" height=\"725\" src=\"https:\/\/are-fifa.com\/wp-content\/uploads\/2024\/09\/3-Technologies-Bringing-the-Construction-Industry-600x725.jpg\" class=\"attachment-post-thumbnail size-post-thumbnail wp-image-14739\" alt=\"\" \/>\t\t\t\t\t\t\t\t\t\t\t\t\t\t\t<\/div>\n\t\t\t\t<\/div>\n\t\t\t\t\t<\/div>\n\t\t<\/div>\n\t\t\t\t<div class=\"elementor-column elementor-col-50 elementor-top-column elementor-element elementor-element-522ed58\" data-id=\"522ed58\" data-element_type=\"column\">\n\t\t\t<div class=\"elementor-widget-wrap elementor-element-populated\">\n\t\t\t\t\t\t<div class=\"elementor-element elementor-element-354a76e titleNoPadding elementor-widget elementor-widget-bdt-advanced-heading\" data-id=\"354a76e\" data-element_type=\"widget\" data-widget_type=\"bdt-advanced-heading.default\">\n\t\t\t\t<div class=\"elementor-widget-container\">\n\t\t\t\t\t<div id =\"354a76e\" class=\"bdt-ep-advanced-heading\" data-settings=\"{&quot;titleMultiColor&quot;:&quot;no&quot;}\"><h3 class=\"bdt-ep-advanced-heading-title\"><span class=\"bdt-ep-advanced-heading-main-title\"><span class=\"bdt-ep-advanced-heading-main-title-inner\">Technology<\/span><\/span><\/h3><\/div>\t\t\t\t<\/div>\n\t\t\t\t<\/div>\n\t\t\t\t<div class=\"elementor-element elementor-element-1fd2cac elementor-widget elementor-widget-text-editor\" data-id=\"1fd2cac\" data-element_type=\"widget\" data-widget_type=\"text-editor.default\">\n\t\t\t\t<div class=\"elementor-widget-container\">\n\t\t\t\t\t\t\t\t\t<p class=\"font_8\" style=\"text-align: justify;\">The traditional construction method (reinforced concrete and certified framework) is used by Africa Real Estate. ALU formwork is used to ensure compliance with the recommendations of technical studies and also operational speed (construction).<\/p><p class=\"font_8\" style=\"text-align: justify;\">The consumable finishing material is entirely imported (Spain, Portugal and Italy).\u00a0<\/p><p class=\"font_8\" style=\"text-align: justify;\">Africa Real Estate works with local technical and control offices as well as local architects. However, it benefits from the assistance of foreign companies and individuals to ensure the mixing of cultures in order to offer original products to the market.<\/p>\t\t\t\t\t\t\t\t<\/div>\n\t\t\t\t<\/div>\n\t\t\t\t\t<\/div>\n\t\t<\/div>\n\t\t\t\t\t<\/div>\n\t\t<\/section>\n\t\t\t\t<section class=\"elementor-section elementor-top-section elementor-element elementor-element-ec38713 elementor-section-boxed elementor-section-height-default elementor-section-height-default\" data-id=\"ec38713\" data-element_type=\"section\">\n\t\t\t\t\t\t<div class=\"elementor-container elementor-column-gap-default\">\n\t\t\t\t\t<div class=\"elementor-column elementor-col-25 elementor-top-column elementor-element elementor-element-b4ebca7\" data-id=\"b4ebca7\" data-element_type=\"column\">\n\t\t\t<div class=\"elementor-widget-wrap elementor-element-populated\">\n\t\t\t\t\t\t<div class=\"elementor-element elementor-element-ece6439 elementor-widget elementor-widget-image\" data-id=\"ece6439\" data-element_type=\"widget\" data-widget_type=\"image.default\">\n\t\t\t\t<div class=\"elementor-widget-container\">\n\t\t\t\t\t\t\t\t\t\t\t\t\t\t\t<img decoding=\"async\" src=\"https:\/\/are-fifa.com\/wp-content\/uploads\/2022\/08\/traiter-100x100.png\" title=\"traiter\" alt=\"traiter\" loading=\"lazy\" \/>\t\t\t\t\t\t\t\t\t\t\t\t\t\t\t<\/div>\n\t\t\t\t<\/div>\n\t\t\t\t<div class=\"elementor-element elementor-element-9e21e48 elementor-widget elementor-widget-heading\" data-id=\"9e21e48\" data-element_type=\"widget\" data-widget_type=\"heading.default\">\n\t\t\t\t<div class=\"elementor-widget-container\">\n\t\t\t\t\t<h6 class=\"elementor-heading-title elementor-size-medium\">Promoteur immobilier S\u00e9n\u00e9gal<\/h6>\t\t\t\t<\/div>\n\t\t\t\t<\/div>\n\t\t\t\t\t<\/div>\n\t\t<\/div>\n\t\t\t\t<div class=\"elementor-column elementor-col-25 elementor-top-column elementor-element elementor-element-f586725\" data-id=\"f586725\" data-element_type=\"column\">\n\t\t\t<div class=\"elementor-widget-wrap elementor-element-populated\">\n\t\t\t\t\t\t<div class=\"elementor-element elementor-element-44ae231 elementor-widget elementor-widget-image\" data-id=\"44ae231\" data-element_type=\"widget\" data-widget_type=\"image.default\">\n\t\t\t\t<div class=\"elementor-widget-container\">\n\t\t\t\t\t\t\t\t\t\t\t\t\t\t\t<img decoding=\"async\" src=\"https:\/\/are-fifa.com\/wp-content\/uploads\/2022\/08\/immobilier-100x100.png\" title=\"immobilier\" alt=\"immobilier\" loading=\"lazy\" \/>\t\t\t\t\t\t\t\t\t\t\t\t\t\t\t<\/div>\n\t\t\t\t<\/div>\n\t\t\t\t<div class=\"elementor-element elementor-element-d95da25 elementor-widget elementor-widget-heading\" data-id=\"d95da25\" data-element_type=\"widget\" data-widget_type=\"heading.default\">\n\t\t\t\t<div class=\"elementor-widget-container\">\n\t\t\t\t\t<h5 class=\"elementor-heading-title elementor-size-medium\">Gestion de patrimoine foncier Dakar<\/h5>\t\t\t\t<\/div>\n\t\t\t\t<\/div>\n\t\t\t\t\t<\/div>\n\t\t<\/div>\n\t\t\t\t<div class=\"elementor-column elementor-col-25 elementor-top-column elementor-element elementor-element-2cc561a\" data-id=\"2cc561a\" data-element_type=\"column\">\n\t\t\t<div class=\"elementor-widget-wrap elementor-element-populated\">\n\t\t\t\t\t\t<div class=\"elementor-element elementor-element-54abd8c elementor-widget elementor-widget-image\" data-id=\"54abd8c\" data-element_type=\"widget\" data-widget_type=\"image.default\">\n\t\t\t\t<div class=\"elementor-widget-container\">\n\t\t\t\t\t\t\t\t\t\t\t\t\t\t\t<img decoding=\"async\" src=\"https:\/\/are-fifa.com\/wp-content\/uploads\/2022\/08\/appartements-100x100.png\" title=\"appartements\" alt=\"appartements\" loading=\"lazy\" \/>\t\t\t\t\t\t\t\t\t\t\t\t\t\t\t<\/div>\n\t\t\t\t<\/div>\n\t\t\t\t<div class=\"elementor-element elementor-element-606c67d elementor-widget elementor-widget-heading\" data-id=\"606c67d\" data-element_type=\"widget\" data-widget_type=\"heading.default\">\n\t\t\t\t<div class=\"elementor-widget-container\">\n\t\t\t\t\t<h5 class=\"elementor-heading-title elementor-size-medium\">Logements luxe \u00e0 vendre S\u00e9n\u00e9gal<\/h5>\t\t\t\t<\/div>\n\t\t\t\t<\/div>\n\t\t\t\t\t<\/div>\n\t\t<\/div>\n\t\t\t\t<div class=\"elementor-column elementor-col-25 elementor-top-column elementor-element elementor-element-b69ac23\" data-id=\"b69ac23\" data-element_type=\"column\">\n\t\t\t<div class=\"elementor-widget-wrap elementor-element-populated\">\n\t\t\t\t\t\t<div class=\"elementor-element elementor-element-e5401f6 elementor-widget elementor-widget-image\" data-id=\"e5401f6\" data-element_type=\"widget\" data-widget_type=\"image.default\">\n\t\t\t\t<div class=\"elementor-widget-container\">\n\t\t\t\t\t\t\t\t\t\t\t\t\t\t\t<img decoding=\"async\" src=\"https:\/\/are-fifa.com\/wp-content\/uploads\/2022\/08\/contrat-100x100.png\" title=\"contrat\" alt=\"contrat\" loading=\"lazy\" \/>\t\t\t\t\t\t\t\t\t\t\t\t\t\t\t<\/div>\n\t\t\t\t<\/div>\n\t\t\t\t<div class=\"elementor-element elementor-element-eb2a46e elementor-widget elementor-widget-heading\" data-id=\"eb2a46e\" data-element_type=\"widget\" data-widget_type=\"heading.default\">\n\t\t\t\t<div class=\"elementor-widget-container\">\n\t\t\t\t\t<h5 class=\"elementor-heading-title elementor-size-medium\">Vente appartement au S\u00e9n\u00e9gal<\/h5>\t\t\t\t<\/div>\n\t\t\t\t<\/div>\n\t\t\t\t\t<\/div>\n\t\t<\/div>\n\t\t\t\t\t<\/div>\n\t\t<\/section>\n\t\t\t\t<\/div>","protected":false},"excerpt":{"rendered":"<p>Qui sommes-nous? La soci\u00e9t\u00e9 AFRICA REAL ESTATE\u00a0SA est une convergence d\u2019expertises et de comp\u00e9tences de ses membres fondateurs dans le domaine de la construction immobili\u00e8re et de la gestion de patrimoine foncier. Sp\u00e9cialis\u00e9e dans la promotion immobili\u00e8re au S\u00e9n\u00e9gal et dans la sous-r\u00e9gion ouest Africaine. Nous avons l\u2019ambition de r\u00e9pondre aux besoins de logements dans&#8230;<\/p>","protected":false},"author":1,"featured_media":0,"parent":0,"menu_order":0,"comment_status":"closed","ping_status":"closed","template":"","meta":{"_zb_attr":"","zolo_post_video_link":"","footnotes":""},"class_list":["post-5579","page","type-page","status-publish","hentry"],"_links":{"self":[{"href":"https:\/\/are-fifa.com\/en\/wp-json\/wp\/v2\/pages\/5579","targetHints":{"allow":["GET"]}}],"collection":[{"href":"https:\/\/are-fifa.com\/en\/wp-json\/wp\/v2\/pages"}],"about":[{"href":"https:\/\/are-fifa.com\/en\/wp-json\/wp\/v2\/types\/page"}],"author":[{"embeddable":true,"href":"https:\/\/are-fifa.com\/en\/wp-json\/wp\/v2\/users\/1"}],"replies":[{"embeddable":true,"href":"https:\/\/are-fifa.com\/en\/wp-json\/wp\/v2\/comments?post=5579"}],"version-history":[{"count":174,"href":"https:\/\/are-fifa.com\/en\/wp-json\/wp\/v2\/pages\/5579\/revisions"}],"predecessor-version":[{"id":14797,"href":"https:\/\/are-fifa.com\/en\/wp-json\/wp\/v2\/pages\/5579\/revisions\/14797"}],"wp:attachment":[{"href":"https:\/\/are-fifa.com\/en\/wp-json\/wp\/v2\/media?parent=5579"}],"curies":[{"name":"wp","href":"https:\/\/api.w.org\/{rel}","templated":true}]}}